{"id":271,"date":"2023-08-06T19:35:00","date_gmt":"2023-08-06T17:35:00","guid":{"rendered":"https:\/\/lucienlemoine.com\/?page_id=271"},"modified":"2024-05-22T16:54:25","modified_gmt":"2024-05-22T14:54:25","slug":"echo-2","status":"publish","type":"page","link":"https:\/\/lucienlemoine.com\/en\/echo-2\/","title":{"rendered":"Echo 2"},"content":{"rendered":"<div class=\"wp-block-group is-layout-constrained wp-block-group-is-layout-constrained\">\n<div class=\"wp-block-group is-content-justification-center is-nowrap is-layout-flex wp-container-core-group-is-layout-1 wp-block-group-is-layout-flex\" style=\"padding-top:0;padding-right:0rem;padding-bottom:0;padding-left:0rem\">\n<div class=\"wp-block-columns is-layout-flex wp-container-core-columns-is-layout-1 wp-block-columns-is-layout-flex\">\n<div class=\"wp-block-column is-vertically-aligned-center is-layout-flow wp-block-column-is-layout-flow\">\n<hr class=\"wp-block-separator has-css-opacity is-style-default\"\/>\n\n\n\n<div style=\"height:10px\" aria-hidden=\"true\" class=\"wp-block-spacer\"><\/div>\n\n\n\n<figure class=\"wp-block-image aligncenter size-full is-resized is-style-default\"><img loading=\"lazy\" decoding=\"async\" width=\"444\" height=\"333\" src=\"https:\/\/lucienlemoine.com\/wp-content\/uploads\/2023\/08\/logo-lm-vide.png\" alt=\"\" class=\"wp-image-315\" style=\"aspect-ratio:1.3333333333333333;width:70px;height:auto\" srcset=\"https:\/\/lucienlemoine.com\/wp-content\/uploads\/2023\/08\/logo-lm-vide.png 444w, https:\/\/lucienlemoine.com\/wp-content\/uploads\/2023\/08\/logo-lm-vide-300x225.png 300w, https:\/\/lucienlemoine.com\/wp-content\/uploads\/2023\/08\/logo-lm-vide-16x12.png 16w\" sizes=\"(max-width: 444px) 100vw, 444px\" \/><\/figure>\n\n\n\n<blockquote class=\"wp-block-quote has-text-align-center is-style-large is-layout-flow wp-block-quote-is-layout-flow\">\n<p class=\"has-text-align-center\">\u00ab\u00a0Known for producing hand-crafted wines that are made with a minimalist approach\u2026 never racking, no pumps, very low levels of SO2 and a heavy emphasis on working with the fine lees.\u00a0\u00bb <\/p>\n<cite>\u2014 Burghound<\/cite><\/blockquote>\n<\/div>\n\n\n\n<div class=\"wp-block-column is-vertically-aligned-center is-layout-flow wp-block-column-is-layout-flow\">\n<hr class=\"wp-block-separator has-css-opacity is-style-default\"\/>\n\n\n\n<div style=\"height:10px\" aria-hidden=\"true\" class=\"wp-block-spacer\"><\/div>\n\n\n\n<figure class=\"wp-block-image aligncenter size-full is-resized is-style-default\"><img loading=\"lazy\" decoding=\"async\" width=\"444\" height=\"333\" src=\"https:\/\/lucienlemoine.com\/wp-content\/uploads\/2023\/08\/logo-lm-vide.png\" alt=\"\" class=\"wp-image-315\" style=\"aspect-ratio:1.3333333333333333;object-fit:cover;width:70px\" srcset=\"https:\/\/lucienlemoine.com\/wp-content\/uploads\/2023\/08\/logo-lm-vide.png 444w, https:\/\/lucienlemoine.com\/wp-content\/uploads\/2023\/08\/logo-lm-vide-300x225.png 300w, https:\/\/lucienlemoine.com\/wp-content\/uploads\/2023\/08\/logo-lm-vide-16x12.png 16w\" sizes=\"(max-width: 444px) 100vw, 444px\" \/><\/figure>\n\n\n\n<blockquote class=\"wp-block-quote has-text-align-center is-style-large is-layout-flow wp-block-quote-is-layout-flow\">\n<p class=\"has-text-align-center\">\u00ab Les bouteilles de LUCIEN LE MOINE sont recherch\u00e9es par les plus grandes tables \u00e9toil\u00e9es de France et d&rsquo;ailleurs. Belle qualit\u00e9, pr\u00e9cision dans l&rsquo;\u00e9laboration , communication p\u00e9tillante et commercialisation intelligente\u2026. Lucien Le Moine choisit ses clients. \u00bb<\/p>\n<cite>\u2014 Jacques Dupont, Le Point \/ Special Vin<\/cite><\/blockquote>\n<\/div>\n<\/div>\n<\/div>\n<\/div>\n\n\n\n<div class=\"wp-block-group is-layout-constrained wp-block-group-is-layout-constrained\">\n<div class=\"wp-block-group is-layout-constrained wp-block-group-is-layout-constrained\">\n<div class=\"wp-block-group is-layout-constrained wp-block-group-is-layout-constrained\">\n<div class=\"wp-block-group is-content-justification-center is-nowrap is-layout-flex wp-container-core-group-is-layout-3 wp-block-group-is-layout-flex\" style=\"padding-top:0;padding-right:0rem;padding-bottom:0;padding-left:0rem\">\n<div class=\"wp-block-columns is-layout-flex wp-container-core-columns-is-layout-2 wp-block-columns-is-layout-flex\">\n<div class=\"wp-block-column is-vertically-aligned-center is-layout-flow wp-block-column-is-layout-flow\">\n<hr class=\"wp-block-separator has-css-opacity is-style-default\"\/>\n\n\n\n<div style=\"height:10px\" aria-hidden=\"true\" class=\"wp-block-spacer\"><\/div>\n\n\n\n<figure class=\"wp-block-image aligncenter size-full is-resized is-style-default\"><img loading=\"lazy\" decoding=\"async\" width=\"444\" height=\"333\" src=\"https:\/\/lucienlemoine.com\/wp-content\/uploads\/2023\/08\/logo-lm-vide.png\" alt=\"\" class=\"wp-image-315\" style=\"aspect-ratio:1.3333333333333333;width:70px;height:auto\" srcset=\"https:\/\/lucienlemoine.com\/wp-content\/uploads\/2023\/08\/logo-lm-vide.png 444w, https:\/\/lucienlemoine.com\/wp-content\/uploads\/2023\/08\/logo-lm-vide-300x225.png 300w, https:\/\/lucienlemoine.com\/wp-content\/uploads\/2023\/08\/logo-lm-vide-16x12.png 16w\" sizes=\"(max-width: 444px) 100vw, 444px\" \/><\/figure>\n\n\n\n<blockquote class=\"wp-block-quote has-text-align-center is-style-large is-layout-flow wp-block-quote-is-layout-flow\">\n<p class=\"has-text-align-center\">\u00ab\u00a0Lucien Le Moine exemplifies a new kind of negociant house.\u00a0\u00bb<\/p>\n<cite>\u2014 Decanter<\/cite><\/blockquote>\n<\/div>\n\n\n\n<div class=\"wp-block-column is-vertically-aligned-center is-layout-flow wp-block-column-is-layout-flow\">\n<hr class=\"wp-block-separator has-css-opacity is-style-default\"\/>\n\n\n\n<div style=\"height:10px\" aria-hidden=\"true\" class=\"wp-block-spacer\"><\/div>\n\n\n\n<figure class=\"wp-block-image aligncenter size-full is-resized is-style-default\"><img loading=\"lazy\" decoding=\"async\" width=\"444\" height=\"333\" src=\"https:\/\/lucienlemoine.com\/wp-content\/uploads\/2023\/08\/logo-lm-vide.png\" alt=\"\" class=\"wp-image-315\" style=\"aspect-ratio:1.3333333333333333;object-fit:cover;width:70px\" srcset=\"https:\/\/lucienlemoine.com\/wp-content\/uploads\/2023\/08\/logo-lm-vide.png 444w, https:\/\/lucienlemoine.com\/wp-content\/uploads\/2023\/08\/logo-lm-vide-300x225.png 300w, https:\/\/lucienlemoine.com\/wp-content\/uploads\/2023\/08\/logo-lm-vide-16x12.png 16w\" sizes=\"(max-width: 444px) 100vw, 444px\" \/><\/figure>\n\n\n\n<blockquote class=\"wp-block-quote has-text-align-center is-style-large is-layout-flow wp-block-quote-is-layout-flow\">\n<p class=\"has-text-align-center\">\u00ab Avec une philosophie toute simple: retrouver les caract\u00e9ristiques du terroir. \u00bb<\/p>\n<cite>\u2014 Alain Bradfer, Le Nouvel Observateur <\/cite><\/blockquote>\n<\/div>\n<\/div>\n<\/div>\n<\/div>\n<\/div>\n<\/div>\n\n\n\n<div class=\"wp-block-group is-layout-constrained wp-block-group-is-layout-constrained\">\n<div class=\"wp-block-group is-content-justification-center is-nowrap is-layout-flex wp-container-core-group-is-layout-7 wp-block-group-is-layout-flex\" style=\"padding-top:0;padding-right:0rem;padding-bottom:0;padding-left:0rem\">\n<div class=\"wp-block-columns is-layout-flex wp-container-core-columns-is-layout-3 wp-block-columns-is-layout-flex\">\n<div class=\"wp-block-column is-vertically-aligned-center is-layout-flow wp-block-column-is-layout-flow\">\n<hr class=\"wp-block-separator has-css-opacity is-style-default\"\/>\n\n\n\n<div style=\"height:10px\" aria-hidden=\"true\" class=\"wp-block-spacer\"><\/div>\n\n\n\n<figure class=\"wp-block-image aligncenter size-full is-resized is-style-default\"><img loading=\"lazy\" decoding=\"async\" width=\"444\" height=\"333\" src=\"https:\/\/lucienlemoine.com\/wp-content\/uploads\/2023\/08\/logo-lm-vide.png\" alt=\"\" class=\"wp-image-315\" style=\"aspect-ratio:1.3333333333333333;width:70px;height:auto\" srcset=\"https:\/\/lucienlemoine.com\/wp-content\/uploads\/2023\/08\/logo-lm-vide.png 444w, https:\/\/lucienlemoine.com\/wp-content\/uploads\/2023\/08\/logo-lm-vide-300x225.png 300w, https:\/\/lucienlemoine.com\/wp-content\/uploads\/2023\/08\/logo-lm-vide-16x12.png 16w\" sizes=\"(max-width: 444px) 100vw, 444px\" \/><\/figure>\n\n\n\n<blockquote class=\"wp-block-quote has-text-align-center is-style-large is-layout-flow wp-block-quote-is-layout-flow\">\n<p class=\"has-text-align-center\">\u00ab\u00a0When I say this is a non-interventionist operation, I\u2019m not kidding.\u00a0\u00bb<\/p>\n<cite>\u2014 Wine Advocate<\/cite><\/blockquote>\n<\/div>\n\n\n\n<div class=\"wp-block-column is-vertically-aligned-center is-layout-flow wp-block-column-is-layout-flow\">\n<hr class=\"wp-block-separator has-css-opacity is-style-default\"\/>\n\n\n\n<div style=\"height:10px\" aria-hidden=\"true\" class=\"wp-block-spacer\"><\/div>\n\n\n\n<figure class=\"wp-block-image aligncenter size-full is-resized is-style-default\"><img loading=\"lazy\" decoding=\"async\" width=\"444\" height=\"333\" src=\"https:\/\/lucienlemoine.com\/wp-content\/uploads\/2023\/08\/logo-lm-vide.png\" alt=\"\" class=\"wp-image-315\" style=\"aspect-ratio:1.3333333333333333;object-fit:cover;width:70px\" srcset=\"https:\/\/lucienlemoine.com\/wp-content\/uploads\/2023\/08\/logo-lm-vide.png 444w, https:\/\/lucienlemoine.com\/wp-content\/uploads\/2023\/08\/logo-lm-vide-300x225.png 300w, https:\/\/lucienlemoine.com\/wp-content\/uploads\/2023\/08\/logo-lm-vide-16x12.png 16w\" sizes=\"(max-width: 444px) 100vw, 444px\" \/><\/figure>\n\n\n\n<blockquote class=\"wp-block-quote has-text-align-center is-style-large is-layout-flow wp-block-quote-is-layout-flow\">\n<p class=\"has-text-align-center\">\u00ab\u00a0An extraordinary micro negociant in Beaune. Very serious quality.\u00a0\u00bb<\/p>\n<cite>\u2014 Jancis Robinson <\/cite><\/blockquote>\n<\/div>\n<\/div>\n<\/div>\n<\/div>\n\n\n\n<div class=\"wp-block-group is-layout-constrained wp-block-group-is-layout-constrained\">\n<div class=\"wp-block-group is-content-justification-center is-nowrap is-layout-flex wp-container-core-group-is-layout-9 wp-block-group-is-layout-flex\" style=\"padding-top:0;padding-right:0rem;padding-bottom:0;padding-left:0rem\">\n<div class=\"wp-block-columns is-layout-flex wp-container-core-columns-is-layout-4 wp-block-columns-is-layout-flex\">\n<div class=\"wp-block-column is-vertically-aligned-center is-layout-flow wp-block-column-is-layout-flow\">\n<hr class=\"wp-block-separator has-css-opacity is-style-default\"\/>\n\n\n\n<div style=\"height:10px\" aria-hidden=\"true\" class=\"wp-block-spacer\"><\/div>\n\n\n\n<figure class=\"wp-block-image aligncenter size-full is-resized is-style-default\"><img loading=\"lazy\" decoding=\"async\" width=\"444\" height=\"333\" src=\"https:\/\/lucienlemoine.com\/wp-content\/uploads\/2023\/08\/logo-lm-vide.png\" alt=\"\" class=\"wp-image-315\" style=\"aspect-ratio:1.3333333333333333;width:70px;height:auto\" srcset=\"https:\/\/lucienlemoine.com\/wp-content\/uploads\/2023\/08\/logo-lm-vide.png 444w, https:\/\/lucienlemoine.com\/wp-content\/uploads\/2023\/08\/logo-lm-vide-300x225.png 300w, https:\/\/lucienlemoine.com\/wp-content\/uploads\/2023\/08\/logo-lm-vide-16x12.png 16w\" sizes=\"(max-width: 444px) 100vw, 444px\" \/><\/figure>\n\n\n\n<blockquote class=\"wp-block-quote has-text-align-center is-style-large is-layout-flow wp-block-quote-is-layout-flow\">\n<p class=\"has-text-align-center\">\u00ab\u00a0This is a label to watch.\u00a0\u00bb<\/p>\n<cite>\u2014 Wine Advocate<\/cite><\/blockquote>\n<\/div>\n\n\n\n<div class=\"wp-block-column is-vertically-aligned-center is-layout-flow wp-block-column-is-layout-flow\">\n<hr class=\"wp-block-separator has-css-opacity is-style-default\"\/>\n\n\n\n<div style=\"height:10px\" aria-hidden=\"true\" class=\"wp-block-spacer\"><\/div>\n\n\n\n<figure class=\"wp-block-image aligncenter size-full is-resized is-style-default\"><img loading=\"lazy\" decoding=\"async\" width=\"444\" height=\"333\" src=\"https:\/\/lucienlemoine.com\/wp-content\/uploads\/2023\/08\/logo-lm-vide.png\" alt=\"\" class=\"wp-image-315\" style=\"aspect-ratio:1.3333333333333333;object-fit:cover;width:70px\" srcset=\"https:\/\/lucienlemoine.com\/wp-content\/uploads\/2023\/08\/logo-lm-vide.png 444w, https:\/\/lucienlemoine.com\/wp-content\/uploads\/2023\/08\/logo-lm-vide-300x225.png 300w, https:\/\/lucienlemoine.com\/wp-content\/uploads\/2023\/08\/logo-lm-vide-16x12.png 16w\" sizes=\"(max-width: 444px) 100vw, 444px\" \/><\/figure>\n\n\n\n<blockquote class=\"wp-block-quote has-text-align-center is-style-large is-layout-flow wp-block-quote-is-layout-flow\">\n<p class=\"has-text-align-center\">\u00ab Ce qui m\u2019a le plus impressionn\u00e9 c\u2019est le respect quasi religieux qu\u2019ils portent aux crus. \u00bb<\/p>\n<cite>\u2014 Luxe Magazine <\/cite><\/blockquote>\n<\/div>\n<\/div>\n<\/div>\n<\/div>\n\n\n\n<div class=\"wp-block-columns is-layout-flex wp-container-core-columns-is-layout-5 wp-block-columns-is-layout-flex\">\n<div class=\"wp-block-column is-layout-flow wp-block-column-is-layout-flow\">\n<div class=\"wp-block-buttons is-content-justification-center is-layout-flex wp-container-core-buttons-is-layout-1 wp-block-buttons-is-layout-flex\">\n<div class=\"wp-block-button has-custom-width wp-block-button__width-75 is-style-fill\"><a class=\"wp-block-button__link has-primary-color has-tertiary-background-color has-text-color has-background wp-element-button\">Pr\u00e9c\u00e9dent<\/a><\/div>\n<\/div>\n<\/div>\n\n\n\n<div class=\"wp-block-column is-vertically-aligned-center is-layout-flow wp-block-column-is-layout-flow\">\n<hr class=\"wp-block-separator has-text-color has-secondary-color has-alpha-channel-opacity has-secondary-background-color has-background is-style-dots\"\/>\n<\/div>\n\n\n\n<div class=\"wp-block-column is-layout-flow wp-block-column-is-layout-flow\">\n<div class=\"wp-block-buttons is-content-justification-center is-layout-flex wp-container-core-buttons-is-layout-2 wp-block-buttons-is-layout-flex\">\n<div class=\"wp-block-button has-custom-width wp-block-button__width-75\"><a class=\"wp-block-button__link has-primary-color has-tertiary-background-color has-text-color has-background wp-element-button\" href=\"https:\/\/lucienlemoine.com\/en\/echo\/\">Suivant<\/a><\/div>\n<\/div>\n<\/div>\n<\/div>","protected":false},"excerpt":{"rendered":"<p>\u00ab\u00a0Known for producing hand-crafted wines that are made with a minimalist approach\u2026 never racking, no pumps, very low levels of SO2 and a heavy emphasis on working with the fine lees.\u00a0\u00bb \u00ab Les bouteilles de LUCIEN LE MOINE sont recherch\u00e9es par les plus grandes tables \u00e9toil\u00e9es de France et d&rsquo;ailleurs. Belle qualit\u00e9, pr\u00e9cision dans l&rsquo;\u00e9laboration [&hellip;]<\/p>","protected":false},"author":1,"featured_media":0,"parent":0,"menu_order":0,"comment_status":"closed","ping_status":"closed","template":"page-blog-list","meta":{"_editorskit_title_hidden":false,"_editorskit_reading_time":0,"_editorskit_is_block_options_detached":false,"_editorskit_block_options_position":"{}","footnotes":""},"yoast_head":"<!-- This site is optimized with the Yoast SEO plugin v23.7 - https:\/\/yoast.com\/wordpress\/plugins\/seo\/ -->\n<title>Echo 2 - Lucien Le Moine<\/title>\n<meta name=\"robots\" content=\"index, follow, max-snippet:-1, max-image-preview:large, max-video-preview:-1\" \/>\n<link rel=\"canonical\" href=\"https:\/\/lucienlemoine.com\/en\/echo-2\/\" \/>\n<meta property=\"og:locale\" content=\"en_US\" \/>\n<meta property=\"og:type\" content=\"article\" \/>\n<meta property=\"og:title\" content=\"Echo 2 - Lucien Le Moine\" \/>\n<meta property=\"og:description\" content=\"\u00ab\u00a0Known for producing hand-crafted wines that are made with a minimalist approach\u2026 never racking, no pumps, very low levels of SO2 and a heavy emphasis on working with the fine lees.\u00a0\u00bb \u00ab Les bouteilles de LUCIEN LE MOINE sont recherch\u00e9es par les plus grandes tables \u00e9toil\u00e9es de France et d&rsquo;ailleurs. Belle qualit\u00e9, pr\u00e9cision dans l&rsquo;\u00e9laboration [&hellip;]\" \/>\n<meta property=\"og:url\" content=\"https:\/\/lucienlemoine.com\/en\/echo-2\/\" \/>\n<meta property=\"og:site_name\" content=\"Lucien Le Moine\" \/>\n<meta property=\"article:modified_time\" content=\"2024-05-22T14:54:25+00:00\" \/>\n<meta property=\"og:image\" content=\"https:\/\/lucienlemoine.com\/wp-content\/uploads\/2023\/08\/logo-lm-vide.png\" \/>\n<meta name=\"twitter:card\" content=\"summary_large_image\" \/>\n<meta name=\"twitter:label1\" content=\"Est. reading time\" \/>\n\t<meta name=\"twitter:data1\" content=\"2 minutes\" \/>\n<script type=\"application\/ld+json\" class=\"yoast-schema-graph\">{\"@context\":\"https:\/\/schema.org\",\"@graph\":[{\"@type\":\"WebPage\",\"@id\":\"https:\/\/lucienlemoine.com\/echo-2\/\",\"url\":\"https:\/\/lucienlemoine.com\/echo-2\/\",\"name\":\"Echo 2 - Lucien Le Moine\",\"isPartOf\":{\"@id\":\"https:\/\/lucienlemoine.com\/#website\"},\"primaryImageOfPage\":{\"@id\":\"https:\/\/lucienlemoine.com\/echo-2\/#primaryimage\"},\"image\":{\"@id\":\"https:\/\/lucienlemoine.com\/echo-2\/#primaryimage\"},\"thumbnailUrl\":\"https:\/\/lucienlemoine.com\/wp-content\/uploads\/2023\/08\/logo-lm-vide.png\",\"datePublished\":\"2023-08-06T17:35:00+00:00\",\"dateModified\":\"2024-05-22T14:54:25+00:00\",\"breadcrumb\":{\"@id\":\"https:\/\/lucienlemoine.com\/echo-2\/#breadcrumb\"},\"inLanguage\":\"en-US\",\"potentialAction\":[{\"@type\":\"ReadAction\",\"target\":[\"https:\/\/lucienlemoine.com\/echo-2\/\"]}]},{\"@type\":\"ImageObject\",\"inLanguage\":\"en-US\",\"@id\":\"https:\/\/lucienlemoine.com\/echo-2\/#primaryimage\",\"url\":\"https:\/\/lucienlemoine.com\/wp-content\/uploads\/2023\/08\/logo-lm-vide.png\",\"contentUrl\":\"https:\/\/lucienlemoine.com\/wp-content\/uploads\/2023\/08\/logo-lm-vide.png\"},{\"@type\":\"BreadcrumbList\",\"@id\":\"https:\/\/lucienlemoine.com\/echo-2\/#breadcrumb\",\"itemListElement\":[{\"@type\":\"ListItem\",\"position\":1,\"name\":\"Home\",\"item\":\"https:\/\/lucienlemoine.com\/en\/\"},{\"@type\":\"ListItem\",\"position\":2,\"name\":\"Echo 2\"}]},{\"@type\":\"WebSite\",\"@id\":\"https:\/\/lucienlemoine.com\/#website\",\"url\":\"https:\/\/lucienlemoine.com\/\",\"name\":\"Lucien Le Moine\",\"description\":\"\u00ab Terroirs De Bourgogne \u00bb\",\"publisher\":{\"@id\":\"https:\/\/lucienlemoine.com\/#organization\"},\"potentialAction\":[{\"@type\":\"SearchAction\",\"target\":{\"@type\":\"EntryPoint\",\"urlTemplate\":\"https:\/\/lucienlemoine.com\/?s={search_term_string}\"},\"query-input\":{\"@type\":\"PropertyValueSpecification\",\"valueRequired\":true,\"valueName\":\"search_term_string\"}}],\"inLanguage\":\"en-US\"},{\"@type\":\"Organization\",\"@id\":\"https:\/\/lucienlemoine.com\/#organization\",\"name\":\"Lucien Le Moine\",\"url\":\"https:\/\/lucienlemoine.com\/\",\"logo\":{\"@type\":\"ImageObject\",\"inLanguage\":\"en-US\",\"@id\":\"https:\/\/lucienlemoine.com\/#\/schema\/logo\/image\/\",\"url\":\"https:\/\/lucienlemoine.com\/wp-content\/uploads\/2024\/01\/up-logo-lm-vide.png\",\"contentUrl\":\"https:\/\/lucienlemoine.com\/wp-content\/uploads\/2024\/01\/up-logo-lm-vide.png\",\"width\":444,\"height\":333,\"caption\":\"Lucien Le Moine\"},\"image\":{\"@id\":\"https:\/\/lucienlemoine.com\/#\/schema\/logo\/image\/\"}}]}<\/script>\n<!-- \/ Yoast SEO plugin. -->","yoast_head_json":{"title":"Echo 2 - Lucien Le Moine","robots":{"index":"index","follow":"follow","max-snippet":"max-snippet:-1","max-image-preview":"max-image-preview:large","max-video-preview":"max-video-preview:-1"},"canonical":"https:\/\/lucienlemoine.com\/en\/echo-2\/","og_locale":"en_US","og_type":"article","og_title":"Echo 2 - Lucien Le Moine","og_description":"\u00ab\u00a0Known for producing hand-crafted wines that are made with a minimalist approach\u2026 never racking, no pumps, very low levels of SO2 and a heavy emphasis on working with the fine lees.\u00a0\u00bb \u00ab Les bouteilles de LUCIEN LE MOINE sont recherch\u00e9es par les plus grandes tables \u00e9toil\u00e9es de France et d&rsquo;ailleurs. Belle qualit\u00e9, pr\u00e9cision dans l&rsquo;\u00e9laboration [&hellip;]","og_url":"https:\/\/lucienlemoine.com\/en\/echo-2\/","og_site_name":"Lucien Le Moine","article_modified_time":"2024-05-22T14:54:25+00:00","og_image":[{"url":"https:\/\/lucienlemoine.com\/wp-content\/uploads\/2023\/08\/logo-lm-vide.png"}],"twitter_card":"summary_large_image","twitter_misc":{"Est. reading time":"2 minutes"},"schema":{"@context":"https:\/\/schema.org","@graph":[{"@type":"WebPage","@id":"https:\/\/lucienlemoine.com\/echo-2\/","url":"https:\/\/lucienlemoine.com\/echo-2\/","name":"Echo 2 - Lucien Le Moine","isPartOf":{"@id":"https:\/\/lucienlemoine.com\/#website"},"primaryImageOfPage":{"@id":"https:\/\/lucienlemoine.com\/echo-2\/#primaryimage"},"image":{"@id":"https:\/\/lucienlemoine.com\/echo-2\/#primaryimage"},"thumbnailUrl":"https:\/\/lucienlemoine.com\/wp-content\/uploads\/2023\/08\/logo-lm-vide.png","datePublished":"2023-08-06T17:35:00+00:00","dateModified":"2024-05-22T14:54:25+00:00","breadcrumb":{"@id":"https:\/\/lucienlemoine.com\/echo-2\/#breadcrumb"},"inLanguage":"en-US","potentialAction":[{"@type":"ReadAction","target":["https:\/\/lucienlemoine.com\/echo-2\/"]}]},{"@type":"ImageObject","inLanguage":"en-US","@id":"https:\/\/lucienlemoine.com\/echo-2\/#primaryimage","url":"https:\/\/lucienlemoine.com\/wp-content\/uploads\/2023\/08\/logo-lm-vide.png","contentUrl":"https:\/\/lucienlemoine.com\/wp-content\/uploads\/2023\/08\/logo-lm-vide.png"},{"@type":"BreadcrumbList","@id":"https:\/\/lucienlemoine.com\/echo-2\/#breadcrumb","itemListElement":[{"@type":"ListItem","position":1,"name":"Home","item":"https:\/\/lucienlemoine.com\/en\/"},{"@type":"ListItem","position":2,"name":"Echo 2"}]},{"@type":"WebSite","@id":"https:\/\/lucienlemoine.com\/#website","url":"https:\/\/lucienlemoine.com\/","name":"Lucien Le Moine","description":"\u00ab Terroirs De Bourgogne \u00bb","publisher":{"@id":"https:\/\/lucienlemoine.com\/#organization"},"potentialAction":[{"@type":"SearchAction","target":{"@type":"EntryPoint","urlTemplate":"https:\/\/lucienlemoine.com\/?s={search_term_string}"},"query-input":{"@type":"PropertyValueSpecification","valueRequired":true,"valueName":"search_term_string"}}],"inLanguage":"en-US"},{"@type":"Organization","@id":"https:\/\/lucienlemoine.com\/#organization","name":"Lucien Le Moine","url":"https:\/\/lucienlemoine.com\/","logo":{"@type":"ImageObject","inLanguage":"en-US","@id":"https:\/\/lucienlemoine.com\/#\/schema\/logo\/image\/","url":"https:\/\/lucienlemoine.com\/wp-content\/uploads\/2024\/01\/up-logo-lm-vide.png","contentUrl":"https:\/\/lucienlemoine.com\/wp-content\/uploads\/2024\/01\/up-logo-lm-vide.png","width":444,"height":333,"caption":"Lucien Le Moine"},"image":{"@id":"https:\/\/lucienlemoine.com\/#\/schema\/logo\/image\/"}}]}},"jetpack_sharing_enabled":true,"_links":{"self":[{"href":"https:\/\/lucienlemoine.com\/en\/wp-json\/wp\/v2\/pages\/271"}],"collection":[{"href":"https:\/\/lucienlemoine.com\/en\/wp-json\/wp\/v2\/pages"}],"about":[{"href":"https:\/\/lucienlemoine.com\/en\/wp-json\/wp\/v2\/types\/page"}],"author":[{"embeddable":true,"href":"https:\/\/lucienlemoine.com\/en\/wp-json\/wp\/v2\/users\/1"}],"replies":[{"embeddable":true,"href":"https:\/\/lucienlemoine.com\/en\/wp-json\/wp\/v2\/comments?post=271"}],"version-history":[{"count":9,"href":"https:\/\/lucienlemoine.com\/en\/wp-json\/wp\/v2\/pages\/271\/revisions"}],"predecessor-version":[{"id":938,"href":"https:\/\/lucienlemoine.com\/en\/wp-json\/wp\/v2\/pages\/271\/revisions\/938"}],"wp:attachment":[{"href":"https:\/\/lucienlemoine.com\/en\/wp-json\/wp\/v2\/media?parent=271"}],"curies":[{"name":"wp","href":"https:\/\/api.w.org\/{rel}","templated":true}]}}